{"id":7050,"date":"2024-11-23T02:35:35","date_gmt":"2024-11-23T01:35:35","guid":{"rendered":"https:\/\/2.moneyweb.ai\/?page_id=7050"},"modified":"2024-11-23T02:37:56","modified_gmt":"2024-11-23T01:37:56","slug":"persondatapolitik","status":"publish","type":"page","link":"https:\/\/moneyweb.ai\/de\/persondatapolitik\/","title":{"rendered":"Datenschutzbestimmungen"},"content":{"rendered":"<section class=\"bde-section-7050-100 bde-section\">\n  \n  \n\t\n\n\n\n<div class=\"section-container\"><div class=\"bde-rich-text-7050-101 bde-rich-text breakdance-rich-text-styles\">\n<h1>Datenschutzbestimmungen<\/h1>\n<\/div><\/div>\n<\/section><section class=\"bde-section-7050-103 bde-section\">\n  \n  \n\t\n\n\n\n<div class=\"section-container\"><div class=\"bde-rich-text-7050-104 bde-rich-text breakdance-rich-text-styles\">\n<p>Der Schutz Ihrer Daten ist uns bei Moneyweb.ai wichtig. Wir bem\u00fchen uns, sicherzustellen, dass Ihre pers\u00f6nlichen Daten sicher und verantwortungsvoll in \u00dcbereinstimmung mit den geltenden Gesetzen, einschlie\u00dflich der EU-Datenschutzgrundverordnung (GDPR), verarbeitet werden.<\/p><h3><strong>Welche Informationen sammeln wir?<\/strong><\/h3><p>Wir k\u00f6nnen die folgenden personenbezogenen Daten erfassen und verarbeiten:<\/p><ul data-spread=\"false\"><li><p>Name<\/p><\/li><li><p>E-Mail Adresse<\/p><\/li><li><p>Rufnummer<\/p><\/li><li><p>Name des Unternehmens<\/p><\/li><li><p>CVR-Nummer (falls zutreffend)<\/p><\/li><li><p>Alle anderen Informationen, die Sie uns in Verbindung mit unseren Dienstleistungen freiwillig zur Verf\u00fcgung stellen.<\/p><\/li><\/ul><h3><strong>Zweck der Datenerhebung<\/strong><\/h3><p>Wir verwenden Ihre personenbezogenen Daten f\u00fcr die folgenden Zwecke:<\/p><ol start=\"1\" data-spread=\"false\"><li><p>Erbringung der vereinbarten Dienstleistungen und Angebote.<\/p><\/li><li><p>Um Sie \u00fcber relevante Aktualisierungen, Informationen oder den Kundendienst zu informieren.<\/p><\/li><li><p>Zur Verbesserung unserer Dienstleistungen durch Analyse und Feedback.<\/p><\/li><\/ol><h3><strong>Gemeinsame Nutzung von Daten<\/strong><\/h3><p>Wir geben Ihre Daten niemals an Dritte weiter, es sei denn, dies ist notwendig, um unsere Vereinbarung mit Ihnen zu erf\u00fcllen, oder es ist gesetzlich vorgeschrieben. Beispiele k\u00f6nnen sein:<\/p><ul data-spread=\"false\"><li><p>Zahlungsl\u00f6sungen oder Rechnungsstellung.<\/p><\/li><li><p>Partner, die f\u00fcr die Erbringung unserer Dienstleistungen erforderlich sind.<\/p><\/li><\/ul><h3><strong>Speicherung von Daten<\/strong><\/h3><p>Wir bewahren Ihre personenbezogenen Daten so lange auf, wie es f\u00fcr die Erf\u00fcllung der Zwecke, f\u00fcr die sie erhoben wurden, erforderlich ist oder wie es das Gesetz vorschreibt.<\/p><h3><strong>Ihre Rechte<\/strong><\/h3><p>Als betroffene Person haben Sie das Recht auf:<\/p><ul data-spread=\"false\"><li><p><strong>Einblicke:<\/strong> Finden Sie heraus, welche pers\u00f6nlichen Daten wir \u00fcber Sie gespeichert haben.<\/p><\/li><li><p><strong>Berichtigung:<\/strong> Lassen Sie falsche oder unvollst\u00e4ndige Informationen korrigieren.<\/p><\/li><li><p><strong>L\u00f6schung:<\/strong> Sie k\u00f6nnen Ihre Daten l\u00f6schen lassen, wenn es keine Rechtsgrundlage mehr f\u00fcr ihre Speicherung gibt.<\/p><\/li><li><p><strong>Einspruch:<\/strong> Widerspruch gegen die Verarbeitung Ihrer Daten einlegen.<\/p><\/li><li><p><strong>Daten\u00fcbertragbarkeit:<\/strong> Lassen Sie Ihre Daten zu einem anderen Anbieter \u00fcbertragen.<\/p><\/li><\/ul><p>Sie k\u00f6nnen uns kontaktieren, um Ihre Rechte auszu\u00fcben, indem Sie uns schreiben: <strong>info@moneyweb.ai<\/strong>.<\/p><h3><strong>Sicherheit der Daten<\/strong><\/h3><p>Wir haben geeignete technische und organisatorische Ma\u00dfnahmen getroffen, um Ihre Daten vor unbefugtem Zugriff, Verlust oder Missbrauch zu sch\u00fctzen.<\/p><h3><strong>Kontakt<\/strong><\/h3><p>Wenn Sie Fragen zu unserer Verarbeitung Ihrer personenbezogenen Daten haben oder Ihre Rechte aus\u00fcben m\u00f6chten, wenden Sie sich bitte an uns:<\/p><p><strong>Moneyweb.ai<\/strong><br \/>Lyngs\u00f8 All\u00e9 3<br \/>2970 H\u00f8rsholm, Schweden<br \/>(+45) 3030 8007<br \/>info@moneyweb.ai<\/p><h3><strong>Aktualisierungen der Politik<\/strong><\/h3><p>Diese Datenschutzrichtlinie kann von Zeit zu Zeit aktualisiert werden. Die neueste Version wird immer auf unserer Website verf\u00fcgbar sein.<\/p><p>Letzte Aktualisierung: 23.11.2024<\/p>\n<\/div><\/div>\n<\/section>","protected":false},"excerpt":{"rendered":"<p>Persondatapolitik Hos Moneyweb.ai er din databeskyttelse vigtig for os. Vi bestr\u00e6ber os p\u00e5 at sikre, at dine personlige oplysninger behandles sikkert og ansvarligt i overensstemmelse med g\u00e6ldende lovgivning, herunder EU\u2019s Databeskyttelsesforordning (GDPR).Hvilke oplysninger indsamler vi?Vi kan indsamle og behandle f\u00f8lgende personoplysninger:NavnE-mailadresseTelefonnummerFirmanavnCVR-nummer (hvis relevant)Eventuelle andre oplysninger, som du frivilligt giver os i forbindelse med vores tjenester.Form\u00e5let [&hellip;]<\/p>\n","protected":false},"author":1,"featured_media":0,"parent":0,"menu_order":0,"comment_status":"closed","ping_status":"closed","template":"","meta":{"_acf_changed":false,"inline_featured_image":false,"_breakdance_hide_in_design_set":false,"_breakdance_tags":"","footnotes":""},"class_list":["post-7050","page","type-page","status-publish","hentry"],"acf":[],"_links":{"self":[{"href":"https:\/\/moneyweb.ai\/de\/wp-json\/wp\/v2\/pages\/7050","targetHints":{"allow":["GET"]}}],"collection":[{"href":"https:\/\/moneyweb.ai\/de\/wp-json\/wp\/v2\/pages"}],"about":[{"href":"https:\/\/moneyweb.ai\/de\/wp-json\/wp\/v2\/types\/page"}],"author":[{"embeddable":true,"href":"https:\/\/moneyweb.ai\/de\/wp-json\/wp\/v2\/users\/1"}],"replies":[{"embeddable":true,"href":"https:\/\/moneyweb.ai\/de\/wp-json\/wp\/v2\/comments?post=7050"}],"version-history":[{"count":3,"href":"https:\/\/moneyweb.ai\/de\/wp-json\/wp\/v2\/pages\/7050\/revisions"}],"predecessor-version":[{"id":7053,"href":"https:\/\/moneyweb.ai\/de\/wp-json\/wp\/v2\/pages\/7050\/revisions\/7053"}],"wp:attachment":[{"href":"https:\/\/moneyweb.ai\/de\/wp-json\/wp\/v2\/media?parent=7050"}],"curies":[{"name":"wp","href":"https:\/\/api.w.org\/{rel}","templated":true}]}}