{"id":7050,"date":"2024-11-23T02:35:35","date_gmt":"2024-11-23T01:35:35","guid":{"rendered":"https:\/\/2.moneyweb.ai\/?page_id=7050"},"modified":"2024-11-23T02:37:56","modified_gmt":"2024-11-23T01:37:56","slug":"persondatapolitik","status":"publish","type":"page","link":"https:\/\/moneyweb.ai\/en\/persondatapolitik\/","title":{"rendered":"Privacy policy"},"content":{"rendered":"<section class=\"bde-section-7050-100 bde-section\">\n  \n  \n\t\n\n\n\n<div class=\"section-container\"><div class=\"bde-rich-text-7050-101 bde-rich-text breakdance-rich-text-styles\">\n<h1>Privacy policy<\/h1>\n<\/div><\/div>\n<\/section><section class=\"bde-section-7050-103 bde-section\">\n  \n  \n\t\n\n\n\n<div class=\"section-container\"><div class=\"bde-rich-text-7050-104 bde-rich-text breakdance-rich-text-styles\">\n<p>At Moneyweb.ai, your data protection is important to us. We endeavour to ensure that your personal information is processed securely and responsibly in accordance with applicable laws, including the EU General Data Protection Regulation (GDPR).<\/p><h3><strong>What information do we collect?<\/strong><\/h3><p>We may collect and process the following personal data:<\/p><ul data-spread=\"false\"><li><p>Name<\/p><\/li><li><p>Email address<\/p><\/li><li><p>Phone number<\/p><\/li><li><p>Company name<\/p><\/li><li><p>CVR number (if applicable)<\/p><\/li><li><p>Any other information that you voluntarily provide to us in connection with our services.<\/p><\/li><\/ul><h3><strong>Purpose of data collection<\/strong><\/h3><p>We use your personal data for the following purposes:<\/p><ol start=\"1\" data-spread=\"false\"><li><p>To deliver the agreed services and offers.<\/p><\/li><li><p>To contact you with relevant updates, information or customer service.<\/p><\/li><li><p>To improve our services through analysis and feedback.<\/p><\/li><\/ol><h3><strong>Sharing data<\/strong><\/h3><p>We never share your information with third parties unless it is necessary to fulfil our agreement with you or is required by law. Examples can be:<\/p><ul data-spread=\"false\"><li><p>Payment solutions or invoicing.<\/p><\/li><li><p>Partners that are necessary for the delivery of our services.<\/p><\/li><\/ul><h3><strong>Storage of data<\/strong><\/h3><p>We retain your personal data for as long as necessary to fulfil the purposes for which it was collected or as long as required by law.<\/p><h3><strong>Your rights<\/strong><\/h3><p>As a data subject, you have the right to:<\/p><ul data-spread=\"false\"><li><p><strong>Insights:<\/strong> Find out what personal data we hold about you.<\/p><\/li><li><p><strong>Correction:<\/strong> Get incorrect or incomplete information corrected.<\/p><\/li><li><p><strong>Deletion:<\/strong> Have your data deleted if there is no longer a legal basis for its storage.<\/p><\/li><li><p><strong>Objection:<\/strong> Object to the processing of your data.<\/p><\/li><li><p><strong>Data portability:<\/strong> Have your data transferred to another provider.<\/p><\/li><\/ul><p>You can contact us to exercise your rights by writing to: <strong>info@moneyweb.ai<\/strong>.<\/p><h3><strong>Data security<\/strong><\/h3><p>We have implemented appropriate technical and organisational measures to protect your information from unauthorised access, loss or misuse.<\/p><h3><strong>Contact us<\/strong><\/h3><p>If you have any questions about our processing of your personal data or wish to exercise your rights, please contact us:<\/p><p><strong>Moneyweb.ai<\/strong><br \/>Lyngs\u00f8 All\u00e9 3<br \/>2970 H\u00f8rsholm, Sweden<br \/>(+45) 3030 8007<br \/>info@moneyweb.ai<\/p><h3><strong>Updates to the policy<\/strong><\/h3><p>This privacy policy may be updated from time to time. The latest version will always be available on our website.<\/p><p>Last updated: 23.11.2024<\/p>\n<\/div><\/div>\n<\/section>","protected":false},"excerpt":{"rendered":"<p>Persondatapolitik Hos Moneyweb.ai er din databeskyttelse vigtig for os. Vi bestr\u00e6ber os p\u00e5 at sikre, at dine personlige oplysninger behandles sikkert og ansvarligt i overensstemmelse med g\u00e6ldende lovgivning, herunder EU\u2019s Databeskyttelsesforordning (GDPR).Hvilke oplysninger indsamler vi?Vi kan indsamle og behandle f\u00f8lgende personoplysninger:NavnE-mailadresseTelefonnummerFirmanavnCVR-nummer (hvis relevant)Eventuelle andre oplysninger, som du frivilligt giver os i forbindelse med vores tjenester.Form\u00e5let [&hellip;]<\/p>\n","protected":false},"author":1,"featured_media":0,"parent":0,"menu_order":0,"comment_status":"closed","ping_status":"closed","template":"","meta":{"_acf_changed":false,"inline_featured_image":false,"_breakdance_hide_in_design_set":false,"_breakdance_tags":"","footnotes":""},"class_list":["post-7050","page","type-page","status-publish","hentry"],"acf":[],"_links":{"self":[{"href":"https:\/\/moneyweb.ai\/en\/wp-json\/wp\/v2\/pages\/7050","targetHints":{"allow":["GET"]}}],"collection":[{"href":"https:\/\/moneyweb.ai\/en\/wp-json\/wp\/v2\/pages"}],"about":[{"href":"https:\/\/moneyweb.ai\/en\/wp-json\/wp\/v2\/types\/page"}],"author":[{"embeddable":true,"href":"https:\/\/moneyweb.ai\/en\/wp-json\/wp\/v2\/users\/1"}],"replies":[{"embeddable":true,"href":"https:\/\/moneyweb.ai\/en\/wp-json\/wp\/v2\/comments?post=7050"}],"version-history":[{"count":3,"href":"https:\/\/moneyweb.ai\/en\/wp-json\/wp\/v2\/pages\/7050\/revisions"}],"predecessor-version":[{"id":7053,"href":"https:\/\/moneyweb.ai\/en\/wp-json\/wp\/v2\/pages\/7050\/revisions\/7053"}],"wp:attachment":[{"href":"https:\/\/moneyweb.ai\/en\/wp-json\/wp\/v2\/media?parent=7050"}],"curies":[{"name":"wp","href":"https:\/\/api.w.org\/{rel}","templated":true}]}}